{"id":1216,"date":"2021-09-10T16:39:32","date_gmt":"2021-09-10T14:39:32","guid":{"rendered":"https:\/\/bruchsal-erleben.de\/home\/"},"modified":"2021-11-04T12:54:02","modified_gmt":"2021-11-04T11:54:02","slug":"home","status":"publish","type":"page","link":"https:\/\/bruchsal-erleben.de\/en\/","title":{"rendered":"Home"},"content":{"rendered":"<div class=\"wpb-content-wrapper\"><p>[vc_row row_height_percent=&#8221;0&#8243; override_padding=&#8221;yes&#8221; h_padding=&#8221;2&#8243; top_padding=&#8221;0&#8243; bottom_padding=&#8221;3&#8243; back_color=&#8221;color-lxmt&#8221; overlay_alpha=&#8221;50&#8243; gutter_size=&#8221;3&#8243; column_width_percent=&#8221;100&#8243; shift_y=&#8221;-3&#8243; z_index=&#8221;0&#8243;][vc_column width=&#8221;1\/1&#8243;][vc_empty_space empty_h=&#8221;2&#8243; desktop_visibility=&#8221;yes&#8221; medium_visibility=&#8221;yes&#8221;][vc_row_inner row_inner_height_percent=&#8221;0&#8243; overlay_alpha=&#8221;50&#8243; gutter_size=&#8221;3&#8243; shift_y=&#8221;0&#8243; z_index=&#8221;0&#8243; limit_content=&#8221;&#8221; uncode_shortcode_id=&#8221;159640&#8243;][vc_column_inner column_width_percent=&#8221;100&#8243; gutter_size=&#8221;3&#8243; override_padding=&#8221;yes&#8221; column_padding=&#8221;1&#8243; back_color=&#8221;color-xsdn&#8221; overlay_alpha=&#8221;50&#8243; border_color=&#8221;color-126283&#8243; border_style=&#8221;solid&#8221; shift_x=&#8221;0&#8243; shift_y=&#8221;0&#8243; shift_y_down=&#8221;0&#8243; z_index=&#8221;0&#8243; medium_width=&#8221;0&#8243; mobile_width=&#8221;0&#8243; width=&#8221;1\/4&#8243; el_class=&#8221;home-intro-box&#8221; css=&#8221;.vc_custom_1634292795809{border-bottom-width: 2px !important;}&#8221; uncode_shortcode_id=&#8221;200730&#8243; back_color_type=&#8221;uncode-palette&#8221; border_color_type=&#8221;uncode-palette&#8221;][vc_column_text el_class=&#8221;home-intro-heading&#8221;]Tourism[\/vc_column_text][vc_column_text uncode_shortcode_id=&#8221;145062&#8243;]Historical and interesting things await you in our friendly city.<\/p>\n<p><a href=\"https:\/\/bruchsal-erleben.de\/en\/tourismus\/\">Learn more<\/a>[\/vc_column_text][\/vc_column_inner][vc_column_inner column_width_percent=&#8221;100&#8243; gutter_size=&#8221;3&#8243; override_padding=&#8221;yes&#8221; column_padding=&#8221;1&#8243; back_color=&#8221;color-xsdn&#8221; overlay_alpha=&#8221;50&#8243; border_color=&#8221;color-126283&#8243; border_style=&#8221;solid&#8221; shift_x=&#8221;0&#8243; shift_y=&#8221;0&#8243; shift_y_down=&#8221;0&#8243; z_index=&#8221;0&#8243; medium_width=&#8221;0&#8243; mobile_width=&#8221;0&#8243; width=&#8221;1\/4&#8243; css=&#8221;.vc_custom_1634292800190{border-bottom-width: 2px !important;}&#8221; el_class=&#8221;home-intro-box&#8221; uncode_shortcode_id=&#8221;480786&#8243; back_color_type=&#8221;uncode-palette&#8221; border_color_type=&#8221;uncode-palette&#8221;][vc_column_text el_class=&#8221;.home-intro-heading&#8221;]Events[\/vc_column_text][vc_column_text uncode_shortcode_id=&#8221;229952&#8243;]A varied range of music, theater and shows awaits you.<\/p>\n<p><a href=\"https:\/\/bruchsal-erleben.de\/en\/veranstaltungen\/\">Learn more<\/a>[\/vc_column_text][\/vc_column_inner][vc_column_inner column_width_percent=&#8221;100&#8243; gutter_size=&#8221;3&#8243; back_color=&#8221;color-xsdn&#8221; overlay_alpha=&#8221;50&#8243; border_color=&#8221;color-126283&#8243; border_style=&#8221;solid&#8221; shift_x=&#8221;0&#8243; shift_y=&#8221;0&#8243; shift_y_down=&#8221;0&#8243; z_index=&#8221;0&#8243; medium_width=&#8221;0&#8243; mobile_width=&#8221;0&#8243; width=&#8221;1\/4&#8243; css=&#8221;.vc_custom_1634292805046{border-bottom-width: 2px !important;}&#8221; el_class=&#8221;home-intro-box&#8221; uncode_shortcode_id=&#8221;976922&#8243; back_color_type=&#8221;uncode-palette&#8221; border_color_type=&#8221;uncode-palette&#8221;][vc_column_text el_class=&#8221;.home-intro-heading&#8221;]Civic Center[\/vc_column_text][vc_column_text uncode_shortcode_id=&#8221;965727&#8243;]Celebrations, meetings, concerts under one roof in the heart of the city.<\/p>\n<p><a href=\"https:\/\/bruchsal-erleben.de\/en\/buergerzentrum\/\">Learn more<\/a>[\/vc_column_text][\/vc_column_inner][vc_column_inner column_width_percent=&#8221;100&#8243; gutter_size=&#8221;3&#8243; back_color=&#8221;color-xsdn&#8221; overlay_alpha=&#8221;50&#8243; border_color=&#8221;color-126283&#8243; border_style=&#8221;solid&#8221; shift_x=&#8221;0&#8243; shift_y=&#8221;0&#8243; shift_y_down=&#8221;0&#8243; z_index=&#8221;0&#8243; medium_width=&#8221;0&#8243; mobile_width=&#8221;0&#8243; width=&#8221;1\/4&#8243; css=&#8221;.vc_custom_1634292810439{border-bottom-width: 2px !important;}&#8221; el_class=&#8221;home-intro-box&#8221; uncode_shortcode_id=&#8221;990037&#8243; back_color_type=&#8221;uncode-palette&#8221; border_color_type=&#8221;uncode-palette&#8221;][vc_column_text el_class=&#8221;.home-intro-heading&#8221;]Location &amp; Park[\/vc_column_text][vc_column_text uncode_shortcode_id=&#8221;726606&#8243;]On the edge of the Kraichgau, Bruchsal offers direct transport links to the A5<\/p>\n<p><a href=\"\/en\/anreise-parken\/\">Learn more<\/a>[\/vc_column_text][\/vc_column_inner][\/vc_row_inner][\/vc_column][\/vc_row][vc_row row_height_percent=&#8221;0&#8243; override_padding=&#8221;yes&#8221; h_padding=&#8221;2&#8243; top_padding=&#8221;4&#8243; bottom_padding=&#8221;4&#8243; overlay_alpha=&#8221;50&#8243; gutter_size=&#8221;3&#8243; column_width_percent=&#8221;100&#8243; shift_y=&#8221;0&#8243; z_index=&#8221;0&#8243; uncode_shortcode_id=&#8221;196053&#8243;][vc_column column_width_percent=&#8221;100&#8243; gutter_size=&#8221;3&#8243; override_padding=&#8221;yes&#8221; column_padding=&#8221;0&#8243; style=&#8221;light&#8221; overlay_alpha=&#8221;50&#8243; shift_x=&#8221;0&#8243; shift_y=&#8221;0&#8243; shift_y_down=&#8221;0&#8243; z_index=&#8221;0&#8243; medium_width=&#8221;0&#8243; mobile_width=&#8221;0&#8243; width=&#8221;1\/1&#8243;][vc_row_inner row_inner_height_percent=&#8221;0&#8243; overlay_alpha=&#8221;50&#8243; equal_height=&#8221;yes&#8221; gutter_size=&#8221;0&#8243; shift_y=&#8221;0&#8243; z_index=&#8221;0&#8243; limit_content=&#8221;&#8221;][vc_column_inner width=&#8221;1\/2&#8243;][vc_custom_heading]News in Bruchsal[\/vc_custom_heading][\/vc_column_inner][vc_column_inner column_width_percent=&#8221;100&#8243; position_vertical=&#8221;middle&#8221; gutter_size=&#8221;3&#8243; override_padding=&#8221;yes&#8221; column_padding=&#8221;0&#8243; overlay_alpha=&#8221;50&#8243; shift_x=&#8221;0&#8243; shift_y=&#8221;0&#8243; shift_y_down=&#8221;0&#8243; z_index=&#8221;0&#8243; medium_width=&#8221;0&#8243; mobile_width=&#8221;0&#8243; width=&#8221;1\/2&#8243;][vc_column_text el_class=&#8221;read-more-section&#8221; uncode_shortcode_id=&#8221;360887&#8243;]<a href=\"https:\/\/bruchsal-erleben.de\/en\/themen\/news-en\/\">Alle Neuigkeiten anzeigen <i class=\"fa fa-chevron-right2 fa-1x fa-fw\"><\/i><\/a>[\/vc_column_text][\/vc_column_inner][\/vc_row_inner][uncode_index el_id=&#8221;index-104497&#8243; loop=&#8221;size:3|order_by:date|post_type:post|categories:-39|taxonomy_count:10&#8243; gutter_size=&#8221;3&#8243; post_items=&#8221;media|featured|onpost|original,title,date,text|excerpt|80,link|default|default_size&#8221; screen_lg=&#8221;1000&#8243; screen_md=&#8221;600&#8243; screen_sm=&#8221;480&#8243; images_size=&#8221;three-two&#8221; single_overlay_opacity=&#8221;50&#8243; single_padding=&#8221;2&#8243; el_class=&#8221;blog-home&#8221; uncode_shortcode_id=&#8221;197855&#8243;][\/vc_column][\/vc_row][vc_row row_height_percent=&#8221;0&#8243; override_padding=&#8221;yes&#8221; h_padding=&#8221;2&#8243; top_padding=&#8221;0&#8243; bottom_padding=&#8221;0&#8243; overlay_alpha=&#8221;50&#8243; gutter_size=&#8221;3&#8243; column_width_percent=&#8221;100&#8243; shift_y=&#8221;0&#8243; z_index=&#8221;0&#8243; uncode_shortcode_id=&#8221;142019&#8243;][vc_column column_width_percent=&#8221;100&#8243; gutter_size=&#8221;3&#8243; style=&#8221;dark&#8221; overlay_alpha=&#8221;50&#8243; shift_x=&#8221;0&#8243; shift_y=&#8221;0&#8243; shift_y_down=&#8221;0&#8243; z_index=&#8221;0&#8243; medium_width=&#8221;0&#8243; mobile_width=&#8221;0&#8243; width=&#8221;1\/1&#8243;][vc_row_inner row_inner_height_percent=&#8221;0&#8243; overlay_alpha=&#8221;50&#8243; equal_height=&#8221;yes&#8221; gutter_size=&#8221;0&#8243; shift_y=&#8221;0&#8243; z_index=&#8221;0&#8243; limit_content=&#8221;&#8221; uncode_shortcode_id=&#8221;128470&#8243; row_height_pixel=&#8221;450&#8243;][vc_column_inner column_width_percent=&#8221;100&#8243; position_vertical=&#8221;middle&#8221; gutter_size=&#8221;3&#8243; style=&#8221;dark&#8221; back_color=&#8221;color-780521&#8243; back_image=&#8221;2711&#8243; back_position=&#8221;center center&#8221; overlay_alpha=&#8221;50&#8243; shift_x=&#8221;0&#8243; shift_y=&#8221;0&#8243; shift_y_down=&#8221;0&#8243; z_index=&#8221;0&#8243; medium_width=&#8221;0&#8243; mobile_width=&#8221;0&#8243; width=&#8221;1\/2&#8243; uncode_shortcode_id=&#8221;128444&#8243; back_color_type=&#8221;uncode-palette&#8221;][vc_custom_heading heading_semantic=&#8221;h3&#8243; text_size=&#8221;h3&#8243; uncode_shortcode_id=&#8221;174988&#8243; subheading=&#8221;October 29, 202 9:30 p.m. Bruchsal City Library&#8221;]Benefit evening &#8216;Celebrity guests read'[\/vc_custom_heading][vc_column_text uncode_shortcode_id=&#8221;797588&#8243;]In diesem Jahr soll wieder ein Benefizabend \u201aProminente G\u00e4ste lesen\u2018 stattfinden. In der Stadtbibliothek werden G\u00e4ste aus ihren Lieblingsb\u00fcchern lesen. Moderiert wird die Veranstaltung von Roland Sch\u00e4fer. Der Eintritt ist frei, um eine Spende wird gebeten. Bitte schauen Sie in die Tagespresse, ob der Termin so stattfinden kann.<\/p>\n<p><a class=\"custom-btn white\" href=\"https:\/\/bruchsal-erleben.de\/events\/benefizabend-prominente-gaeste-lesen\/\">Zur Veranstalltung<\/a>[\/vc_column_text][\/vc_column_inner][vc_column_inner column_width_percent=&#8221;100&#8243; gutter_size=&#8221;3&#8243; style=&#8221;dark&#8221; back_image=&#8221;3061&#8243; overlay_alpha=&#8221;50&#8243; shift_x=&#8221;0&#8243; shift_y=&#8221;0&#8243; shift_y_down=&#8221;0&#8243; z_index=&#8221;0&#8243; medium_width=&#8221;0&#8243; mobile_width=&#8221;0&#8243; width=&#8221;1\/2&#8243; el_class=&#8221;event-box&#8221; uncode_shortcode_id=&#8221;945885&#8243;][vc_empty_space empty_h=&#8221;5&#8243; desktop_visibility=&#8221;yes&#8221; medium_visibility=&#8221;yes&#8221;][\/vc_column_inner][\/vc_row_inner][\/vc_column][\/vc_row][vc_row row_height_percent=&#8221;0&#8243; override_padding=&#8221;yes&#8221; h_padding=&#8221;2&#8243; top_padding=&#8221;0&#8243; bottom_padding=&#8221;4&#8243; overlay_alpha=&#8221;50&#8243; gutter_size=&#8221;3&#8243; column_width_percent=&#8221;100&#8243; shift_y=&#8221;0&#8243; z_index=&#8221;0&#8243; uncode_shortcode_id=&#8221;132125&#8243;][vc_column column_width_percent=&#8221;100&#8243; gutter_size=&#8221;3&#8243; style=&#8221;dark&#8221; overlay_alpha=&#8221;50&#8243; shift_x=&#8221;0&#8243; shift_y=&#8221;0&#8243; shift_y_down=&#8221;0&#8243; z_index=&#8221;0&#8243; medium_width=&#8221;0&#8243; mobile_width=&#8221;0&#8243; width=&#8221;1\/1&#8243;][vc_row_inner row_inner_height_percent=&#8221;0&#8243; overlay_alpha=&#8221;50&#8243; equal_height=&#8221;yes&#8221; gutter_size=&#8221;0&#8243; shift_y=&#8221;0&#8243; z_index=&#8221;0&#8243; limit_content=&#8221;&#8221; uncode_shortcode_id=&#8221;205480&#8243;][vc_column_inner column_width_percent=&#8221;100&#8243; gutter_size=&#8221;3&#8243; back_image=&#8221;2731&#8243; back_position=&#8221;center center&#8221; overlay_alpha=&#8221;50&#8243; shift_x=&#8221;0&#8243; shift_y=&#8221;0&#8243; shift_y_down=&#8221;0&#8243; z_index=&#8221;0&#8243; medium_visibility=&#8221;yes&#8221; medium_width=&#8221;0&#8243; mobile_visibility=&#8221;yes&#8221; mobile_width=&#8221;0&#8243; width=&#8221;1\/2&#8243; uncode_shortcode_id=&#8221;180506&#8243;][\/vc_column_inner][vc_column_inner column_width_percent=&#8221;100&#8243; position_vertical=&#8221;middle&#8221; gutter_size=&#8221;3&#8243; style=&#8221;dark&#8221; back_color=&#8221;color-161857&#8243; overlay_alpha=&#8221;50&#8243; shift_x=&#8221;0&#8243; shift_y=&#8221;0&#8243; shift_y_down=&#8221;0&#8243; z_index=&#8221;0&#8243; medium_width=&#8221;0&#8243; mobile_width=&#8221;0&#8243; width=&#8221;1\/2&#8243; el_class=&#8221;event-box&#8221; uncode_shortcode_id=&#8221;171360&#8243; back_color_type=&#8221;uncode-palette&#8221;][vc_empty_space empty_h=&#8221;1&#8243;][vc_custom_heading heading_semantic=&#8221;h3&#8243; text_size=&#8221;h3&#8243;]Calendar of events[\/vc_custom_heading][vc_column_text uncode_shortcode_id=&#8221;747106&#8243;]Hier finden Sie kleine und gro\u00dfe Veranstaltungen der Vereine, VHS und Konzertveranstalter aus allen Bereichen von Theater&amp;Comedy, Musik bis hin zu Kultur und F\u00fchrungen durch die Region von einheimischen Protagonisten.<\/p>\n<p><a class=\"custom-btn white\" href=\"https:\/\/bruchsal-erleben.de\/en\/events-2\/\">Zum Veranstaltungskalender<\/a>[\/vc_column_text][vc_empty_space empty_h=&#8221;1&#8243;][\/vc_column_inner][\/vc_row_inner][\/vc_column][\/vc_row][vc_row row_height_percent=&#8221;0&#8243; override_padding=&#8221;yes&#8221; h_padding=&#8221;2&#8243; top_padding=&#8221;0&#8243; bottom_padding=&#8221;4&#8243; overlay_alpha=&#8221;50&#8243; gutter_size=&#8221;3&#8243; column_width_percent=&#8221;100&#8243; shift_y=&#8221;0&#8243; z_index=&#8221;0&#8243; desktop_visibility=&#8221;yes&#8221; medium_visibility=&#8221;yes&#8221; mobile_visibility=&#8221;yes&#8221; uncode_shortcode_id=&#8221;144727&#8243;][vc_column column_width_percent=&#8221;100&#8243; gutter_size=&#8221;3&#8243; style=&#8221;dark&#8221; overlay_alpha=&#8221;50&#8243; shift_x=&#8221;0&#8243; shift_y=&#8221;0&#8243; shift_y_down=&#8221;0&#8243; z_index=&#8221;0&#8243; medium_width=&#8221;0&#8243; mobile_width=&#8221;0&#8243; width=&#8221;1\/1&#8243;][vc_row_inner row_inner_height_percent=&#8221;0&#8243; overlay_alpha=&#8221;50&#8243; equal_height=&#8221;yes&#8221; gutter_size=&#8221;0&#8243; shift_y=&#8221;0&#8243; z_index=&#8221;0&#8243; limit_content=&#8221;&#8221;][vc_column_inner column_width_percent=&#8221;100&#8243; gutter_size=&#8221;3&#8243; back_color=&#8221;color-780521&#8243; back_image=&#8221;2711&#8243; back_position=&#8221;center center&#8221; overlay_alpha=&#8221;50&#8243; shift_x=&#8221;0&#8243; shift_y=&#8221;0&#8243; shift_y_down=&#8221;0&#8243; z_index=&#8221;0&#8243; medium_width=&#8221;0&#8243; mobile_width=&#8221;0&#8243; width=&#8221;2\/3&#8243; uncode_shortcode_id=&#8221;190769&#8243; back_color_type=&#8221;uncode-palette&#8221;][vc_single_image media=&#8221;2705&#8243; media_width_percent=&#8221;100&#8243; border=&#8221;yes&#8221; uncode_shortcode_id=&#8221;186886&#8243; media_link=&#8221;url:https%3A%2F%2Fwww.eventim.de%2Fevent%2Folaf-schubert-zeit-fuer-rebellen-bruchsal-buergerzentrum-12831922%2F%3Faffiliate%3DEYA%26includeOnlybookable%3Dtrue%26msclkid%3D5b59eaea764510ede1d88bb9638fe7e8%26utm_source%3Dbing%26utm_medium%3Dcpc%26utm_campaign%3Dar_Comedy%26utm_term%3Dolaf%2520schubert%2520bruchsal%26utm_content%3DOlaf%2520Schubert%2520-%2520Bruchsal%2520-%2520REGIO|title:Book%20with%20EVENTIM|target:_blank|&#8221;][\/vc_column_inner][vc_column_inner column_width_percent=&#8221;100&#8243; gutter_size=&#8221;3&#8243; style=&#8221;dark&#8221; back_color=&#8221;color-161857&#8243; overlay_alpha=&#8221;50&#8243; shift_x=&#8221;0&#8243; shift_y=&#8221;0&#8243; shift_y_down=&#8221;0&#8243; z_index=&#8221;0&#8243; medium_width=&#8221;0&#8243; mobile_width=&#8221;0&#8243; width=&#8221;1\/3&#8243; el_class=&#8221;event-box&#8221; uncode_shortcode_id=&#8221;160362&#8243; back_color_type=&#8221;uncode-palette&#8221;][vc_custom_heading heading_semantic=&#8221;h3&#8243; text_size=&#8221;h3&#8243;]Calendar of events[\/vc_custom_heading][vc_column_text uncode_shortcode_id=&#8221;122139&#8243;]Hier finden Sie kleine und gro\u00dfe Veranstaltungen der Vereine, VHS und Konzertveranstalter aus allen Bereichen von Theater&amp;Comedy, Musik bis hin zu Kultur und F\u00fchrungen durch die Region von einheimischen Protagonisten.<\/p>\n<p><a class=\"custom-btn white\" href=\"https:\/\/bruchsal-erleben.de\/en\/events-2\/\">Zum Veranstaltungskalender<\/a>[\/vc_column_text][\/vc_column_inner][\/vc_row_inner][\/vc_column][\/vc_row]<\/p>\n<\/div>","protected":false},"excerpt":{"rendered":"<p>[vc_row row_height_percent=&#8221;0&#8243; override_padding=&#8221;yes&#8221; h_padding=&#8221;2&#8243; top_padding=&#8221;0&#8243; bottom_padding=&#8221;3&#8243; back_color=&#8221;color-lxmt&#8221; overlay_alpha=&#8221;50&#8243; gutter_size=&#8221;3&#8243; column_width_percent=&#8221;100&#8243; shift_y=&#8221;-3&#8243; z_index=&#8221;0&#8243;][vc_column width=&#8221;1\/1&#8243;][vc_empty_space empty_h=&#8221;2&#8243; desktop_visibility=&#8221;yes&#8221; medium_visibility=&#8221;yes&#8221;][vc_row_inner row_inner_height_percent=&#8221;0&#8243; overlay_alpha=&#8221;50&#8243; gutter_size=&#8221;3&#8243; shift_y=&#8221;0&#8243; [&hellip;]<\/p>\n","protected":false},"author":1,"featured_media":0,"parent":0,"menu_order":1,"comment_status":"closed","ping_status":"closed","template":"","meta":{"footnotes":""},"class_list":["post-1216","page","type-page","status-publish","hentry"],"yoast_head":"<!-- This site is optimized with the Yoast SEO plugin v27.4 - https:\/\/yoast.com\/product\/yoast-seo-wordpress\/ -->\n<title>Home - Bruchsal erleben<\/title>\n<meta name=\"robots\" content=\"index, follow, max-snippet:-1, max-image-preview:large, max-video-preview:-1\" \/>\n<link rel=\"canonical\" href=\"https:\/\/bruchsal-erleben.de\/en\/\" \/>\n<meta property=\"og:locale\" content=\"en_US\" \/>\n<meta property=\"og:type\" content=\"article\" \/>\n<meta property=\"og:title\" content=\"Home - Bruchsal erleben\" \/>\n<meta property=\"og:description\" content=\"[vc_row row_height_percent=&#8221;0&#8243; override_padding=&#8221;yes&#8221; h_padding=&#8221;2&#8243; top_padding=&#8221;0&#8243; bottom_padding=&#8221;3&#8243; back_color=&#8221;color-lxmt&#8221; overlay_alpha=&#8221;50&#8243; gutter_size=&#8221;3&#8243; column_width_percent=&#8221;100&#8243; shift_y=&#8221;-3&#8243; z_index=&#8221;0&#8243;][vc_column width=&#8221;1\/1&#8243;][vc_empty_space empty_h=&#8221;2&#8243; desktop_visibility=&#8221;yes&#8221; medium_visibility=&#8221;yes&#8221;][vc_row_inner row_inner_height_percent=&#8221;0&#8243; overlay_alpha=&#8221;50&#8243; gutter_size=&#8221;3&#8243; shift_y=&#8221;0&#8243; [&hellip;]\" \/>\n<meta property=\"og:url\" content=\"https:\/\/bruchsal-erleben.de\/en\/\" \/>\n<meta property=\"og:site_name\" content=\"Bruchsal erleben\" \/>\n<meta property=\"article:publisher\" content=\"https:\/\/www.facebook.com\/bruchsal.erleben\" \/>\n<meta property=\"article:modified_time\" content=\"2021-11-04T11:54:02+00:00\" \/>\n<meta name=\"twitter:card\" content=\"summary_large_image\" \/>\n<meta name=\"twitter:label1\" content=\"Est. reading time\" \/>\n\t<meta name=\"twitter:data1\" content=\"7 minutes\" \/>\n<script type=\"application\/ld+json\" class=\"yoast-schema-graph\">{\"@context\":\"https:\\\/\\\/schema.org\",\"@graph\":[{\"@type\":\"WebPage\",\"@id\":\"https:\\\/\\\/bruchsal-erleben.de\\\/en\\\/\",\"url\":\"https:\\\/\\\/bruchsal-erleben.de\\\/en\\\/\",\"name\":\"Home - Bruchsal erleben\",\"isPartOf\":{\"@id\":\"https:\\\/\\\/bruchsal-erleben.de\\\/en\\\/#website\"},\"datePublished\":\"2021-09-10T14:39:32+00:00\",\"dateModified\":\"2021-11-04T11:54:02+00:00\",\"breadcrumb\":{\"@id\":\"https:\\\/\\\/bruchsal-erleben.de\\\/en\\\/#breadcrumb\"},\"inLanguage\":\"en-US\",\"potentialAction\":[{\"@type\":\"ReadAction\",\"target\":[\"https:\\\/\\\/bruchsal-erleben.de\\\/en\\\/\"]}]},{\"@type\":\"BreadcrumbList\",\"@id\":\"https:\\\/\\\/bruchsal-erleben.de\\\/en\\\/#breadcrumb\",\"itemListElement\":[{\"@type\":\"ListItem\",\"position\":1,\"name\":\"Startseite\",\"item\":\"https:\\\/\\\/bruchsal-erleben.de\\\/en\\\/\"},{\"@type\":\"ListItem\",\"position\":2,\"name\":\"Home\"}]},{\"@type\":\"WebSite\",\"@id\":\"https:\\\/\\\/bruchsal-erleben.de\\\/en\\\/#website\",\"url\":\"https:\\\/\\\/bruchsal-erleben.de\\\/en\\\/\",\"name\":\"Bruchsal erleben\",\"description\":\"Bruchsaler Tourismus, Marketing und Veranstaltungen\",\"publisher\":{\"@id\":\"https:\\\/\\\/bruchsal-erleben.de\\\/en\\\/#organization\"},\"potentialAction\":[{\"@type\":\"SearchAction\",\"target\":{\"@type\":\"EntryPoint\",\"urlTemplate\":\"https:\\\/\\\/bruchsal-erleben.de\\\/en\\\/?s={search_term_string}\"},\"query-input\":{\"@type\":\"PropertyValueSpecification\",\"valueRequired\":true,\"valueName\":\"search_term_string\"}}],\"inLanguage\":\"en-US\"},{\"@type\":\"Organization\",\"@id\":\"https:\\\/\\\/bruchsal-erleben.de\\\/en\\\/#organization\",\"name\":\"BTMV GmbH\",\"url\":\"https:\\\/\\\/bruchsal-erleben.de\\\/en\\\/\",\"logo\":{\"@type\":\"ImageObject\",\"inLanguage\":\"en-US\",\"@id\":\"https:\\\/\\\/bruchsal-erleben.de\\\/en\\\/#\\\/schema\\\/logo\\\/image\\\/\",\"url\":\"https:\\\/\\\/bruchsal-erleben.de\\\/wp-content\\\/uploads\\\/2021\\\/11\\\/BR-Logo_4c_rgb.png\",\"contentUrl\":\"https:\\\/\\\/bruchsal-erleben.de\\\/wp-content\\\/uploads\\\/2021\\\/11\\\/BR-Logo_4c_rgb.png\",\"width\":480,\"height\":555,\"caption\":\"BTMV GmbH\"},\"image\":{\"@id\":\"https:\\\/\\\/bruchsal-erleben.de\\\/en\\\/#\\\/schema\\\/logo\\\/image\\\/\"},\"sameAs\":[\"https:\\\/\\\/www.facebook.com\\\/bruchsal.erleben\",\"https:\\\/\\\/www.instagram.com\\\/bruchsal_erleben\\\/\"]}]}<\/script>\n<!-- \/ Yoast SEO plugin. -->","yoast_head_json":{"title":"Home - Bruchsal erleben","robots":{"index":"index","follow":"follow","max-snippet":"max-snippet:-1","max-image-preview":"max-image-preview:large","max-video-preview":"max-video-preview:-1"},"canonical":"https:\/\/bruchsal-erleben.de\/en\/","og_locale":"en_US","og_type":"article","og_title":"Home - Bruchsal erleben","og_description":"[vc_row row_height_percent=&#8221;0&#8243; override_padding=&#8221;yes&#8221; h_padding=&#8221;2&#8243; top_padding=&#8221;0&#8243; bottom_padding=&#8221;3&#8243; back_color=&#8221;color-lxmt&#8221; overlay_alpha=&#8221;50&#8243; gutter_size=&#8221;3&#8243; column_width_percent=&#8221;100&#8243; shift_y=&#8221;-3&#8243; z_index=&#8221;0&#8243;][vc_column width=&#8221;1\/1&#8243;][vc_empty_space empty_h=&#8221;2&#8243; desktop_visibility=&#8221;yes&#8221; medium_visibility=&#8221;yes&#8221;][vc_row_inner row_inner_height_percent=&#8221;0&#8243; overlay_alpha=&#8221;50&#8243; gutter_size=&#8221;3&#8243; shift_y=&#8221;0&#8243; [&hellip;]","og_url":"https:\/\/bruchsal-erleben.de\/en\/","og_site_name":"Bruchsal erleben","article_publisher":"https:\/\/www.facebook.com\/bruchsal.erleben","article_modified_time":"2021-11-04T11:54:02+00:00","twitter_card":"summary_large_image","twitter_misc":{"Est. reading time":"7 minutes"},"schema":{"@context":"https:\/\/schema.org","@graph":[{"@type":"WebPage","@id":"https:\/\/bruchsal-erleben.de\/en\/","url":"https:\/\/bruchsal-erleben.de\/en\/","name":"Home - Bruchsal erleben","isPartOf":{"@id":"https:\/\/bruchsal-erleben.de\/en\/#website"},"datePublished":"2021-09-10T14:39:32+00:00","dateModified":"2021-11-04T11:54:02+00:00","breadcrumb":{"@id":"https:\/\/bruchsal-erleben.de\/en\/#breadcrumb"},"inLanguage":"en-US","potentialAction":[{"@type":"ReadAction","target":["https:\/\/bruchsal-erleben.de\/en\/"]}]},{"@type":"BreadcrumbList","@id":"https:\/\/bruchsal-erleben.de\/en\/#breadcrumb","itemListElement":[{"@type":"ListItem","position":1,"name":"Startseite","item":"https:\/\/bruchsal-erleben.de\/en\/"},{"@type":"ListItem","position":2,"name":"Home"}]},{"@type":"WebSite","@id":"https:\/\/bruchsal-erleben.de\/en\/#website","url":"https:\/\/bruchsal-erleben.de\/en\/","name":"Bruchsal erleben","description":"Bruchsaler Tourismus, Marketing und Veranstaltungen","publisher":{"@id":"https:\/\/bruchsal-erleben.de\/en\/#organization"},"potentialAction":[{"@type":"SearchAction","target":{"@type":"EntryPoint","urlTemplate":"https:\/\/bruchsal-erleben.de\/en\/?s={search_term_string}"},"query-input":{"@type":"PropertyValueSpecification","valueRequired":true,"valueName":"search_term_string"}}],"inLanguage":"en-US"},{"@type":"Organization","@id":"https:\/\/bruchsal-erleben.de\/en\/#organization","name":"BTMV GmbH","url":"https:\/\/bruchsal-erleben.de\/en\/","logo":{"@type":"ImageObject","inLanguage":"en-US","@id":"https:\/\/bruchsal-erleben.de\/en\/#\/schema\/logo\/image\/","url":"https:\/\/bruchsal-erleben.de\/wp-content\/uploads\/2021\/11\/BR-Logo_4c_rgb.png","contentUrl":"https:\/\/bruchsal-erleben.de\/wp-content\/uploads\/2021\/11\/BR-Logo_4c_rgb.png","width":480,"height":555,"caption":"BTMV GmbH"},"image":{"@id":"https:\/\/bruchsal-erleben.de\/en\/#\/schema\/logo\/image\/"},"sameAs":["https:\/\/www.facebook.com\/bruchsal.erleben","https:\/\/www.instagram.com\/bruchsal_erleben\/"]}]}},"_links":{"self":[{"href":"https:\/\/bruchsal-erleben.de\/en\/wp-json\/wp\/v2\/pages\/1216","targetHints":{"allow":["GET"]}}],"collection":[{"href":"https:\/\/bruchsal-erleben.de\/en\/wp-json\/wp\/v2\/pages"}],"about":[{"href":"https:\/\/bruchsal-erleben.de\/en\/wp-json\/wp\/v2\/types\/page"}],"author":[{"embeddable":true,"href":"https:\/\/bruchsal-erleben.de\/en\/wp-json\/wp\/v2\/users\/1"}],"replies":[{"embeddable":true,"href":"https:\/\/bruchsal-erleben.de\/en\/wp-json\/wp\/v2\/comments?post=1216"}],"version-history":[{"count":19,"href":"https:\/\/bruchsal-erleben.de\/en\/wp-json\/wp\/v2\/pages\/1216\/revisions"}],"predecessor-version":[{"id":3878,"href":"https:\/\/bruchsal-erleben.de\/en\/wp-json\/wp\/v2\/pages\/1216\/revisions\/3878"}],"wp:attachment":[{"href":"https:\/\/bruchsal-erleben.de\/en\/wp-json\/wp\/v2\/media?parent=1216"}],"curies":[{"name":"wp","href":"https:\/\/api.w.org\/{rel}","templated":true}]}}