{"id":3251,"date":"2021-10-10T16:07:54","date_gmt":"2021-10-10T14:07:54","guid":{"rendered":"https:\/\/bruchsal-erleben.de\/contact\/brochures\/"},"modified":"2021-10-10T16:07:55","modified_gmt":"2021-10-10T14:07:55","slug":"brochures","status":"publish","type":"page","link":"https:\/\/bruchsal-erleben.de\/en\/contact\/brochures\/","title":{"rendered":"Brochures"},"content":{"rendered":"<div class=\"wpb-content-wrapper\"><p>[vc_row row_height_percent=&#8221;0&#8243; override_padding=&#8221;yes&#8221; h_padding=&#8221;2&#8243; top_padding=&#8221;4&#8243; bottom_padding=&#8221;4&#8243; overlay_alpha=&#8221;50&#8243; gutter_size=&#8221;3&#8243; column_width_percent=&#8221;100&#8243; shift_y=&#8221;0&#8243; z_index=&#8221;0&#8243; uncode_shortcode_id=&#8221;775625&#8243;][vc_column column_width_percent=&#8221;100&#8243; gutter_size=&#8221;3&#8243; back_color=&#8221;color-lxmt&#8221; overlay_alpha=&#8221;50&#8243; shift_x=&#8221;0&#8243; shift_y=&#8221;0&#8243; shift_y_down=&#8221;0&#8243; z_index=&#8221;0&#8243; medium_width=&#8221;0&#8243; mobile_width=&#8221;0&#8243; width=&#8221;1\/2&#8243; uncode_shortcode_id=&#8221;145873&#8243; back_color_type=&#8221;uncode-palette&#8221;][vc_custom_heading uncode_shortcode_id=&#8221;163108&#8243;]Prospectus request[\/vc_custom_heading][vc_column_text text_lead=&#8221;yes&#8221; uncode_shortcode_id=&#8221;156563&#8243;]We will be happy to send you the information you require and support you with your further travel plans.[\/vc_column_text]\n<div class=\"wpcf7 no-js\" id=\"wpcf7-f2045-o1\" lang=\"de-DE\" dir=\"ltr\" data-wpcf7-id=\"2045\">\n<div class=\"screen-reader-response\"><p role=\"status\" aria-live=\"polite\" aria-atomic=\"true\"><\/p> <ul><\/ul><\/div>\n<form action=\"\/en\/wp-json\/wp\/v2\/pages\/3251#wpcf7-f2045-o1\" method=\"post\" class=\"wpcf7-form init\" aria-label=\"Kontaktformular\" novalidate=\"novalidate\" data-status=\"init\">\n<fieldset class=\"hidden-fields-container\"><input type=\"hidden\" name=\"_wpcf7\" value=\"2045\" \/><input type=\"hidden\" name=\"_wpcf7_version\" value=\"6.1.2\" \/><input type=\"hidden\" name=\"_wpcf7_locale\" value=\"de_DE\" \/><input type=\"hidden\" name=\"_wpcf7_unit_tag\" value=\"wpcf7-f2045-o1\" \/><input type=\"hidden\" name=\"_wpcf7_container_post\" value=\"0\" \/><input type=\"hidden\" name=\"_wpcf7_posted_data_hash\" value=\"\" \/><input type=\"hidden\" name=\"_wpcf7_recaptcha_response\" value=\"\" \/>\n<\/fieldset>\n<div class=\"wpcf7-inline-wrapper\">\n\t<p class=\"wpcf7-inline-field\">Vorname <span class=\"wpcf7-form-control-wrap\" data-name=\"vorname\"><input size=\"40\" maxlength=\"400\" class=\"wpcf7-form-control wpcf7-text\" aria-invalid=\"false\" value=\"\" type=\"text\" name=\"vorname\" \/><\/span>\n\t<\/p>\n\t<p class=\"wpcf7-inline-field\">Nachname* <span class=\"wpcf7-form-control-wrap\" data-name=\"nachname\"><input size=\"40\" maxlength=\"400\" class=\"wpcf7-form-control wpcf7-text wpcf7-validates-as-required\" aria-required=\"true\" aria-invalid=\"false\" value=\"\" type=\"text\" name=\"nachname\" \/><\/span>\n\t<\/p>\n<\/div>\n<div class=\"wpcf7-inline-wrapper\">\n\t<p class=\"wpcf7-inline-field\">E-Mail* <span class=\"wpcf7-form-control-wrap\" data-name=\"email\"><input size=\"40\" maxlength=\"400\" class=\"wpcf7-form-control wpcf7-email wpcf7-validates-as-required wpcf7-text wpcf7-validates-as-email\" aria-required=\"true\" aria-invalid=\"false\" value=\"\" type=\"email\" name=\"email\" \/><\/span>\n\t<\/p>\n<\/div>\n<div class=\"wpcf7-inline-wrapper\">\n\t<p class=\"wpcf7-inline-field\">Stra\u00dfe* <span class=\"wpcf7-form-control-wrap\" data-name=\"strasse\"><input size=\"40\" maxlength=\"400\" class=\"wpcf7-form-control wpcf7-text wpcf7-validates-as-required\" aria-required=\"true\" aria-invalid=\"false\" value=\"\" type=\"text\" name=\"strasse\" \/><\/span>\n\t<\/p>\n<\/div>\n<p><span id=\"wpcf7-69e9e1daefd1c-wrapper\" class=\"wpcf7-form-control-wrap honeypot-258-wrap\" style=\"display:none !important; visibility:hidden !important;\"><input type=\"hidden\" name=\"honeypot-258-time-start\" value=\"1776935386\"><input type=\"hidden\" name=\"honeypot-258-time-check\" value=\"5\"><label for=\"email\" class=\"hp-message\">Bitte lasse dieses Feld leer.<\/label><input id=\"email\"  placeholder=\"email_anfrage\"  class=\"wpcf7-form-control wpcf7-text mail\" type=\"text\" name=\"honeypot-258\" value=\"\" size=\"40\" tabindex=\"-1\" autocomplete=\"new-password\" \/><\/span>\n<\/p>\n<div class=\"wpcf7-inline-wrapper\">\n\t<p class=\"wpcf7-inline-field\">PLZ* <span class=\"wpcf7-form-control-wrap\" data-name=\"plz\"><input class=\"wpcf7-form-control wpcf7-number wpcf7-validates-as-required wpcf7-validates-as-number\" aria-required=\"true\" aria-invalid=\"false\" value=\"\" type=\"number\" name=\"plz\" \/><\/span>\n\t<\/p>\n\t<p class=\"wpcf7-inline-field\">Stadt* <span class=\"wpcf7-form-control-wrap\" data-name=\"stadt\"><input size=\"40\" maxlength=\"400\" class=\"wpcf7-form-control wpcf7-text wpcf7-validates-as-required\" aria-required=\"true\" aria-invalid=\"false\" value=\"\" type=\"text\" name=\"stadt\" \/><\/span>\n\t<\/p>\n<\/div>\n<div class=\"wpcf7-inline-wrapper\">\n\t<p class=\"wpcf7-inline-field\">Land* <span class=\"wpcf7-form-control-wrap\" data-name=\"land\"><input size=\"40\" maxlength=\"400\" class=\"wpcf7-form-control wpcf7-text wpcf7-validates-as-required\" aria-required=\"true\" aria-invalid=\"false\" value=\"\" type=\"text\" name=\"land\" \/><\/span>\n\t<\/p>\n<\/div>\n<p>Zeitpunkt\/ Grund des Besuchs: <span class=\"wpcf7-form-control-wrap\" data-name=\"nachricht\"><textarea cols=\"40\" rows=\"10\" maxlength=\"2000\" class=\"wpcf7-form-control wpcf7-textarea\" aria-invalid=\"false\" name=\"nachricht\"><\/textarea><\/span>\n<\/p>\n<p>W\u00e4hlen Sie hier die gew\u00fcnschte Brosch\u00fcre aus:<br \/>\n<span class=\"wpcf7-form-control-wrap\" data-name=\"broschuere\"><span class=\"wpcf7-form-control wpcf7-checkbox wpcf7-validates-as-required\"><span class=\"wpcf7-list-item first\"><label><input type=\"checkbox\" name=\"broschuere[]\" value=\"Sehenswertes in Bruchsal und den Stadtteilen\" \/><span class=\"wpcf7-list-item-label\">Sehenswertes in Bruchsal und den Stadtteilen<\/span><\/label><\/span><span class=\"wpcf7-list-item\"><label><input type=\"checkbox\" name=\"broschuere[]\" value=\"Sehenswertes (englisch)\" \/><span class=\"wpcf7-list-item-label\">Sehenswertes (englisch)<\/span><\/label><\/span><span class=\"wpcf7-list-item\"><label><input type=\"checkbox\" name=\"broschuere[]\" value=\"Sehenswertes (franz\u00f6sisch)\" \/><span class=\"wpcf7-list-item-label\">Sehenswertes (franz\u00f6sisch)<\/span><\/label><\/span><span class=\"wpcf7-list-item\"><label><input type=\"checkbox\" name=\"broschuere[]\" value=\"Historischer Stadtrundgang\" \/><span class=\"wpcf7-list-item-label\">Historischer Stadtrundgang<\/span><\/label><\/span><span class=\"wpcf7-list-item\"><label><input type=\"checkbox\" name=\"broschuere[]\" value=\"Wohnmobilpark Bruchsal\" \/><span class=\"wpcf7-list-item-label\">Wohnmobilpark Bruchsal<\/span><\/label><\/span><span class=\"wpcf7-list-item\"><label><input type=\"checkbox\" name=\"broschuere[]\" value=\"Radwanderkarte Tour de Spargel\" \/><span class=\"wpcf7-list-item-label\">Radwanderkarte Tour de Spargel<\/span><\/label><\/span><span class=\"wpcf7-list-item\"><label><input type=\"checkbox\" name=\"broschuere[]\" value=\"Radwanderkarte Sch\u00f6nbornroute\" \/><span class=\"wpcf7-list-item-label\">Radwanderkarte Sch\u00f6nbornroute<\/span><\/label><\/span><span class=\"wpcf7-list-item\"><label><input type=\"checkbox\" name=\"broschuere[]\" value=\"Wanderkarte Bruchsal zu Fu\u00df\" \/><span class=\"wpcf7-list-item-label\">Wanderkarte Bruchsal zu Fu\u00df<\/span><\/label><\/span><span class=\"wpcf7-list-item\"><label><input type=\"checkbox\" name=\"broschuere[]\" value=\"Radkarte \u201eRingroute\u201c\" \/><span class=\"wpcf7-list-item-label\">Radkarte \u201eRingroute\u201c<\/span><\/label><\/span><span class=\"wpcf7-list-item\"><label><input type=\"checkbox\" name=\"broschuere[]\" value=\"Kraichgau-Stromberg Tourismus e.V. Besen-Kalender 2024\" \/><span class=\"wpcf7-list-item-label\">Kraichgau-Stromberg Tourismus e.V. Besen-Kalender 2024<\/span><\/label><\/span><span class=\"wpcf7-list-item\"><label><input type=\"checkbox\" name=\"broschuere[]\" value=\"Kraichgau-Stromberg Tourismus e.V. Zu Fu\u00df!-Wanderkarte\" \/><span class=\"wpcf7-list-item-label\">Kraichgau-Stromberg Tourismus e.V. Zu Fu\u00df!-Wanderkarte<\/span><\/label><\/span><span class=\"wpcf7-list-item\"><label><input type=\"checkbox\" name=\"broschuere[]\" value=\"Kraichgau-Stromberg Tourismus e.V. Per Rad!-Radkarte\" \/><span class=\"wpcf7-list-item-label\">Kraichgau-Stromberg Tourismus e.V. Per Rad!-Radkarte<\/span><\/label><\/span><span class=\"wpcf7-list-item\"><label><input type=\"checkbox\" name=\"broschuere[]\" value=\"Kraichgau-Stromberg Tourismus e.V. Magazin Handverlesen\" \/><span class=\"wpcf7-list-item-label\">Kraichgau-Stromberg Tourismus e.V. Magazin Handverlesen<\/span><\/label><\/span><span class=\"wpcf7-list-item\"><label><input type=\"checkbox\" name=\"broschuere[]\" value=\"Kraichgau-Stromberg Tourismus e.V. Wohnmobil-Karte Baden-W\u00fcrttemberg Nord\" \/><span class=\"wpcf7-list-item-label\">Kraichgau-Stromberg Tourismus e.V. Wohnmobil-Karte Baden-W\u00fcrttemberg Nord<\/span><\/label><\/span><span class=\"wpcf7-list-item\"><label><input type=\"checkbox\" name=\"broschuere[]\" value=\"Vis-\u00e0-Vis Wandern im Pamina-Raum\" \/><span class=\"wpcf7-list-item-label\">Vis-\u00e0-Vis Wandern im Pamina-Raum<\/span><\/label><\/span><span class=\"wpcf7-list-item last\"><label><input type=\"checkbox\" name=\"broschuere[]\" value=\"Vis-\u00e0-Vis Radeln im Pamina-Raum\" \/><span class=\"wpcf7-list-item-label\">Vis-\u00e0-Vis Radeln im Pamina-Raum<\/span><\/label><\/span><\/span><\/span>\n<\/p>\n<p class=\"text-color-white\"><span class=\"wpcf7-form-control-wrap\" data-name=\"accept-this-1\"><span class=\"wpcf7-form-control wpcf7-acceptance\"><span class=\"wpcf7-list-item\"><label><input type=\"checkbox\" name=\"accept-this-1\" value=\"1\" aria-invalid=\"false\" \/><span class=\"wpcf7-list-item-label\">Mit dem Absenden der Nachricht werden die eingegebenen Daten verarbeitet. Mit dem Ankreuzen akzeptieren Sie unsere <a href=\"\/datenschutz\" target=\"_blank\">Datenschutzerkl\u00e4rung<\/a>.<\/span><\/label><\/span><\/span><\/span>\n<\/p>\n<p><input class=\"wpcf7-form-control wpcf7-submit has-spinner btn btn-accent btn-block\" type=\"submit\" value=\"Absenden\" \/>\n<\/p><div class=\"wpcf7-response-output\" aria-hidden=\"true\"><\/div>\n<\/form>\n<\/div>\n[\/vc_column][vc_column column_width_percent=&#8221;100&#8243; gutter_size=&#8221;3&#8243; back_color=&#8221;color-lxmt&#8221; overlay_alpha=&#8221;50&#8243; shift_x=&#8221;0&#8243; shift_y=&#8221;0&#8243; shift_y_down=&#8221;0&#8243; z_index=&#8221;0&#8243; medium_width=&#8221;0&#8243; mobile_width=&#8221;0&#8243; width=&#8221;1\/2&#8243; uncode_shortcode_id=&#8221;135450&#8243; back_color_type=&#8221;uncode-palette&#8221;][vc_custom_heading uncode_shortcode_id=&#8221;128582&#8243;]Download area[\/vc_custom_heading][vc_column_text text_lead=&#8221;yes&#8221; uncode_shortcode_id=&#8221;123509&#8243;]Alternatively, you can download the brochures you require as a PDF file here.[\/vc_column_text][vc_column_text uncode_shortcode_id=&#8221;165471&#8243;]<\/p>\n<ul>\n<li> <a href=\"\/dokumente\/pdf\/Sehenswerte_english.pdf\" target=\"_blank\" rel=\"noopener\"> worth seeing english <\/a> <\/li>\n<li> <a href=\"\/dokumente\/pdf\/Sehenssame_franzoesisch.pdf\" target=\"_blank\" rel=\"noopener\"> Worth seeing French <\/a> <\/li>\n<li> <a href=\"\/dokumente\/pdf\/Historischer_Stadtrundgang.pdf\" target=\"_blank\" rel=\"noopener\"> historical city tour <\/a> <\/li>\n<li> <a href=\"\/dokumente\/pdf\/Tour-de-Spargel.pdf\" target=\"_blank\" rel=\"noopener\"> Tour de Asparagus <\/a> <\/li>\n<li> <a href=\"\/dokumente\/pdf\/Wandkarte_Michaelsberg.pdf\" target=\"_blank\" rel=\"noopener\"> hiking map Michaelsberg <\/a> <\/li>\n<li> <a href=\"\/dokumente\/pdf\/Wandkarte_Bruchsal_zu_Fuss.pdf\" target=\"_blank\" rel=\"noopener\"> hiking map Bruchsal on foot <\/a> <\/li>\n<li> <a href=\"\/dokumente\/pdf\/Sehenssame.pdf\" target=\"_blank\" rel=\"noopener\"> Sights <\/a> <\/li>\n<li> <a href=\"\/dokumente\/pdf\/Bruchsal_Ringroute.pdf\" target=\"_blank\" rel=\"noopener\"> Bruchsal Ringroute <\/a> <\/li>\n<li> <a href=\"\/dokumente\/pdf\/Hohlwege_Wanderungen.pdf\" target=\"_blank\" rel=\"noopener\"> ravines walks <\/a> <\/li>\n<li> <a href=\"\/dokumente\/pdf\/Oeffigte_Stadtfuehrungen.pdf\" target=\"_blank\" rel=\"noopener\"> Public city tours <\/a> <\/li>\n<li> <a href=\"\/dokumente\/pdf\/Schoenbornroute.pdf\" target=\"_blank\" rel=\"noopener\"> Sch\u00f6nbornroute <\/a> <\/li>\n<\/ul>\n<p>[\/vc_column_text][\/vc_column][\/vc_row]<\/p>\n<\/div>","protected":false},"excerpt":{"rendered":"<p>[vc_row row_height_percent=&#8221;0&#8243; override_padding=&#8221;yes&#8221; h_padding=&#8221;2&#8243; top_padding=&#8221;4&#8243; bottom_padding=&#8221;4&#8243; overlay_alpha=&#8221;50&#8243; gutter_size=&#8221;3&#8243; column_width_percent=&#8221;100&#8243; shift_y=&#8221;0&#8243; z_index=&#8221;0&#8243; uncode_shortcode_id=&#8221;775625&#8243;][vc_column column_width_percent=&#8221;100&#8243; gutter_size=&#8221;3&#8243; back_color=&#8221;color-lxmt&#8221; overlay_alpha=&#8221;50&#8243; shift_x=&#8221;0&#8243; shift_y=&#8221;0&#8243; shift_y_down=&#8221;0&#8243; z_index=&#8221;0&#8243; [&hellip;]<\/p>\n","protected":false},"author":2,"featured_media":2724,"parent":2001,"menu_order":3,"comment_status":"closed","ping_status":"closed","template":"","meta":{"footnotes":""},"class_list":["post-3251","page","type-page","status-publish","has-post-thumbnail","hentry"],"yoast_head":"<!-- This site is optimized with the Yoast SEO plugin v27.4 - https:\/\/yoast.com\/product\/yoast-seo-wordpress\/ -->\n<title>Brochures - Bruchsal erleben<\/title>\n<meta name=\"robots\" content=\"index, follow, max-snippet:-1, max-image-preview:large, max-video-preview:-1\" \/>\n<link rel=\"canonical\" href=\"https:\/\/bruchsal-erleben.de\/en\/contact\/brochures\/\" \/>\n<meta property=\"og:locale\" content=\"en_US\" \/>\n<meta property=\"og:type\" content=\"article\" \/>\n<meta property=\"og:title\" content=\"Brochures - Bruchsal erleben\" \/>\n<meta property=\"og:description\" content=\"[vc_row row_height_percent=&#8221;0&#8243; override_padding=&#8221;yes&#8221; h_padding=&#8221;2&#8243; top_padding=&#8221;4&#8243; bottom_padding=&#8221;4&#8243; overlay_alpha=&#8221;50&#8243; gutter_size=&#8221;3&#8243; column_width_percent=&#8221;100&#8243; shift_y=&#8221;0&#8243; z_index=&#8221;0&#8243; uncode_shortcode_id=&#8221;775625&#8243;][vc_column column_width_percent=&#8221;100&#8243; gutter_size=&#8221;3&#8243; back_color=&#8221;color-lxmt&#8221; overlay_alpha=&#8221;50&#8243; shift_x=&#8221;0&#8243; shift_y=&#8221;0&#8243; shift_y_down=&#8221;0&#8243; z_index=&#8221;0&#8243; [&hellip;]\" \/>\n<meta property=\"og:url\" content=\"https:\/\/bruchsal-erleben.de\/en\/contact\/brochures\/\" \/>\n<meta property=\"og:site_name\" content=\"Bruchsal erleben\" \/>\n<meta property=\"article:publisher\" content=\"https:\/\/www.facebook.com\/bruchsal.erleben\" \/>\n<meta property=\"article:modified_time\" content=\"2021-10-10T14:07:55+00:00\" \/>\n<meta property=\"og:image\" content=\"https:\/\/bruchsal-erleben.de\/wp-content\/uploads\/2021\/09\/prospekt_header.jpg\" \/>\n\t<meta property=\"og:image:width\" content=\"1600\" \/>\n\t<meta property=\"og:image:height\" content=\"710\" \/>\n\t<meta property=\"og:image:type\" content=\"image\/jpeg\" \/>\n<meta name=\"twitter:card\" content=\"summary_large_image\" \/>\n<meta name=\"twitter:label1\" content=\"Est. reading time\" \/>\n\t<meta name=\"twitter:data1\" content=\"1 minute\" \/>\n<script type=\"application\/ld+json\" class=\"yoast-schema-graph\">{\"@context\":\"https:\\\/\\\/schema.org\",\"@graph\":[{\"@type\":\"WebPage\",\"@id\":\"https:\\\/\\\/bruchsal-erleben.de\\\/en\\\/contact\\\/brochures\\\/\",\"url\":\"https:\\\/\\\/bruchsal-erleben.de\\\/en\\\/contact\\\/brochures\\\/\",\"name\":\"Brochures - Bruchsal erleben\",\"isPartOf\":{\"@id\":\"https:\\\/\\\/bruchsal-erleben.de\\\/en\\\/#website\"},\"primaryImageOfPage\":{\"@id\":\"https:\\\/\\\/bruchsal-erleben.de\\\/en\\\/contact\\\/brochures\\\/#primaryimage\"},\"image\":{\"@id\":\"https:\\\/\\\/bruchsal-erleben.de\\\/en\\\/contact\\\/brochures\\\/#primaryimage\"},\"thumbnailUrl\":\"https:\\\/\\\/bruchsal-erleben.de\\\/wp-content\\\/uploads\\\/2021\\\/09\\\/prospekt_header.jpg\",\"datePublished\":\"2021-10-10T14:07:54+00:00\",\"dateModified\":\"2021-10-10T14:07:55+00:00\",\"breadcrumb\":{\"@id\":\"https:\\\/\\\/bruchsal-erleben.de\\\/en\\\/contact\\\/brochures\\\/#breadcrumb\"},\"inLanguage\":\"en-US\",\"potentialAction\":[{\"@type\":\"ReadAction\",\"target\":[\"https:\\\/\\\/bruchsal-erleben.de\\\/en\\\/contact\\\/brochures\\\/\"]}]},{\"@type\":\"ImageObject\",\"inLanguage\":\"en-US\",\"@id\":\"https:\\\/\\\/bruchsal-erleben.de\\\/en\\\/contact\\\/brochures\\\/#primaryimage\",\"url\":\"https:\\\/\\\/bruchsal-erleben.de\\\/wp-content\\\/uploads\\\/2021\\\/09\\\/prospekt_header.jpg\",\"contentUrl\":\"https:\\\/\\\/bruchsal-erleben.de\\\/wp-content\\\/uploads\\\/2021\\\/09\\\/prospekt_header.jpg\",\"width\":1600,\"height\":710},{\"@type\":\"BreadcrumbList\",\"@id\":\"https:\\\/\\\/bruchsal-erleben.de\\\/en\\\/contact\\\/brochures\\\/#breadcrumb\",\"itemListElement\":[{\"@type\":\"ListItem\",\"position\":1,\"name\":\"Startseite\",\"item\":\"https:\\\/\\\/bruchsal-erleben.de\\\/en\\\/\"},{\"@type\":\"ListItem\",\"position\":2,\"name\":\"Contact\",\"item\":\"https:\\\/\\\/bruchsal-erleben.de\\\/en\\\/contact\\\/\"},{\"@type\":\"ListItem\",\"position\":3,\"name\":\"Brochures\"}]},{\"@type\":\"WebSite\",\"@id\":\"https:\\\/\\\/bruchsal-erleben.de\\\/en\\\/#website\",\"url\":\"https:\\\/\\\/bruchsal-erleben.de\\\/en\\\/\",\"name\":\"Bruchsal erleben\",\"description\":\"Bruchsaler Tourismus, Marketing und Veranstaltungen\",\"publisher\":{\"@id\":\"https:\\\/\\\/bruchsal-erleben.de\\\/en\\\/#organization\"},\"potentialAction\":[{\"@type\":\"SearchAction\",\"target\":{\"@type\":\"EntryPoint\",\"urlTemplate\":\"https:\\\/\\\/bruchsal-erleben.de\\\/en\\\/?s={search_term_string}\"},\"query-input\":{\"@type\":\"PropertyValueSpecification\",\"valueRequired\":true,\"valueName\":\"search_term_string\"}}],\"inLanguage\":\"en-US\"},{\"@type\":\"Organization\",\"@id\":\"https:\\\/\\\/bruchsal-erleben.de\\\/en\\\/#organization\",\"name\":\"BTMV GmbH\",\"url\":\"https:\\\/\\\/bruchsal-erleben.de\\\/en\\\/\",\"logo\":{\"@type\":\"ImageObject\",\"inLanguage\":\"en-US\",\"@id\":\"https:\\\/\\\/bruchsal-erleben.de\\\/en\\\/#\\\/schema\\\/logo\\\/image\\\/\",\"url\":\"https:\\\/\\\/bruchsal-erleben.de\\\/wp-content\\\/uploads\\\/2021\\\/11\\\/BR-Logo_4c_rgb.png\",\"contentUrl\":\"https:\\\/\\\/bruchsal-erleben.de\\\/wp-content\\\/uploads\\\/2021\\\/11\\\/BR-Logo_4c_rgb.png\",\"width\":480,\"height\":555,\"caption\":\"BTMV GmbH\"},\"image\":{\"@id\":\"https:\\\/\\\/bruchsal-erleben.de\\\/en\\\/#\\\/schema\\\/logo\\\/image\\\/\"},\"sameAs\":[\"https:\\\/\\\/www.facebook.com\\\/bruchsal.erleben\",\"https:\\\/\\\/www.instagram.com\\\/bruchsal_erleben\\\/\"]}]}<\/script>\n<!-- \/ Yoast SEO plugin. -->","yoast_head_json":{"title":"Brochures - Bruchsal erleben","robots":{"index":"index","follow":"follow","max-snippet":"max-snippet:-1","max-image-preview":"max-image-preview:large","max-video-preview":"max-video-preview:-1"},"canonical":"https:\/\/bruchsal-erleben.de\/en\/contact\/brochures\/","og_locale":"en_US","og_type":"article","og_title":"Brochures - Bruchsal erleben","og_description":"[vc_row row_height_percent=&#8221;0&#8243; override_padding=&#8221;yes&#8221; h_padding=&#8221;2&#8243; top_padding=&#8221;4&#8243; bottom_padding=&#8221;4&#8243; overlay_alpha=&#8221;50&#8243; gutter_size=&#8221;3&#8243; column_width_percent=&#8221;100&#8243; shift_y=&#8221;0&#8243; z_index=&#8221;0&#8243; uncode_shortcode_id=&#8221;775625&#8243;][vc_column column_width_percent=&#8221;100&#8243; gutter_size=&#8221;3&#8243; back_color=&#8221;color-lxmt&#8221; overlay_alpha=&#8221;50&#8243; shift_x=&#8221;0&#8243; shift_y=&#8221;0&#8243; shift_y_down=&#8221;0&#8243; z_index=&#8221;0&#8243; [&hellip;]","og_url":"https:\/\/bruchsal-erleben.de\/en\/contact\/brochures\/","og_site_name":"Bruchsal erleben","article_publisher":"https:\/\/www.facebook.com\/bruchsal.erleben","article_modified_time":"2021-10-10T14:07:55+00:00","og_image":[{"width":1600,"height":710,"url":"https:\/\/bruchsal-erleben.de\/wp-content\/uploads\/2021\/09\/prospekt_header.jpg","type":"image\/jpeg"}],"twitter_card":"summary_large_image","twitter_misc":{"Est. reading time":"1 minute"},"schema":{"@context":"https:\/\/schema.org","@graph":[{"@type":"WebPage","@id":"https:\/\/bruchsal-erleben.de\/en\/contact\/brochures\/","url":"https:\/\/bruchsal-erleben.de\/en\/contact\/brochures\/","name":"Brochures - Bruchsal erleben","isPartOf":{"@id":"https:\/\/bruchsal-erleben.de\/en\/#website"},"primaryImageOfPage":{"@id":"https:\/\/bruchsal-erleben.de\/en\/contact\/brochures\/#primaryimage"},"image":{"@id":"https:\/\/bruchsal-erleben.de\/en\/contact\/brochures\/#primaryimage"},"thumbnailUrl":"https:\/\/bruchsal-erleben.de\/wp-content\/uploads\/2021\/09\/prospekt_header.jpg","datePublished":"2021-10-10T14:07:54+00:00","dateModified":"2021-10-10T14:07:55+00:00","breadcrumb":{"@id":"https:\/\/bruchsal-erleben.de\/en\/contact\/brochures\/#breadcrumb"},"inLanguage":"en-US","potentialAction":[{"@type":"ReadAction","target":["https:\/\/bruchsal-erleben.de\/en\/contact\/brochures\/"]}]},{"@type":"ImageObject","inLanguage":"en-US","@id":"https:\/\/bruchsal-erleben.de\/en\/contact\/brochures\/#primaryimage","url":"https:\/\/bruchsal-erleben.de\/wp-content\/uploads\/2021\/09\/prospekt_header.jpg","contentUrl":"https:\/\/bruchsal-erleben.de\/wp-content\/uploads\/2021\/09\/prospekt_header.jpg","width":1600,"height":710},{"@type":"BreadcrumbList","@id":"https:\/\/bruchsal-erleben.de\/en\/contact\/brochures\/#breadcrumb","itemListElement":[{"@type":"ListItem","position":1,"name":"Startseite","item":"https:\/\/bruchsal-erleben.de\/en\/"},{"@type":"ListItem","position":2,"name":"Contact","item":"https:\/\/bruchsal-erleben.de\/en\/contact\/"},{"@type":"ListItem","position":3,"name":"Brochures"}]},{"@type":"WebSite","@id":"https:\/\/bruchsal-erleben.de\/en\/#website","url":"https:\/\/bruchsal-erleben.de\/en\/","name":"Bruchsal erleben","description":"Bruchsaler Tourismus, Marketing und Veranstaltungen","publisher":{"@id":"https:\/\/bruchsal-erleben.de\/en\/#organization"},"potentialAction":[{"@type":"SearchAction","target":{"@type":"EntryPoint","urlTemplate":"https:\/\/bruchsal-erleben.de\/en\/?s={search_term_string}"},"query-input":{"@type":"PropertyValueSpecification","valueRequired":true,"valueName":"search_term_string"}}],"inLanguage":"en-US"},{"@type":"Organization","@id":"https:\/\/bruchsal-erleben.de\/en\/#organization","name":"BTMV GmbH","url":"https:\/\/bruchsal-erleben.de\/en\/","logo":{"@type":"ImageObject","inLanguage":"en-US","@id":"https:\/\/bruchsal-erleben.de\/en\/#\/schema\/logo\/image\/","url":"https:\/\/bruchsal-erleben.de\/wp-content\/uploads\/2021\/11\/BR-Logo_4c_rgb.png","contentUrl":"https:\/\/bruchsal-erleben.de\/wp-content\/uploads\/2021\/11\/BR-Logo_4c_rgb.png","width":480,"height":555,"caption":"BTMV GmbH"},"image":{"@id":"https:\/\/bruchsal-erleben.de\/en\/#\/schema\/logo\/image\/"},"sameAs":["https:\/\/www.facebook.com\/bruchsal.erleben","https:\/\/www.instagram.com\/bruchsal_erleben\/"]}]}},"_links":{"self":[{"href":"https:\/\/bruchsal-erleben.de\/en\/wp-json\/wp\/v2\/pages\/3251","targetHints":{"allow":["GET"]}}],"collection":[{"href":"https:\/\/bruchsal-erleben.de\/en\/wp-json\/wp\/v2\/pages"}],"about":[{"href":"https:\/\/bruchsal-erleben.de\/en\/wp-json\/wp\/v2\/types\/page"}],"author":[{"embeddable":true,"href":"https:\/\/bruchsal-erleben.de\/en\/wp-json\/wp\/v2\/users\/2"}],"replies":[{"embeddable":true,"href":"https:\/\/bruchsal-erleben.de\/en\/wp-json\/wp\/v2\/comments?post=3251"}],"version-history":[{"count":2,"href":"https:\/\/bruchsal-erleben.de\/en\/wp-json\/wp\/v2\/pages\/3251\/revisions"}],"predecessor-version":[{"id":3253,"href":"https:\/\/bruchsal-erleben.de\/en\/wp-json\/wp\/v2\/pages\/3251\/revisions\/3253"}],"up":[{"embeddable":true,"href":"https:\/\/bruchsal-erleben.de\/en\/wp-json\/wp\/v2\/pages\/2001"}],"wp:featuredmedia":[{"embeddable":true,"href":"https:\/\/bruchsal-erleben.de\/en\/wp-json\/wp\/v2\/media\/2724"}],"wp:attachment":[{"href":"https:\/\/bruchsal-erleben.de\/en\/wp-json\/wp\/v2\/media?parent=3251"}],"curies":[{"name":"wp","href":"https:\/\/api.w.org\/{rel}","templated":true}]}}